{"id":1322,"date":"2024-06-19T15:26:11","date_gmt":"2024-06-19T15:26:11","guid":{"rendered":"https:\/\/www.alsane.es\/frusema\/home\/"},"modified":"2024-10-14T15:39:24","modified_gmt":"2024-10-14T15:39:24","slug":"home","status":"publish","type":"page","link":"https:\/\/www.alsane.es\/frusema\/","title":{"rendered":"Inicio"},"content":{"rendered":"\n<div class=\"wp-block-uagb-container uagb-block-494c42c4 alignfull uagb-is-root-container\"><div class=\"uagb-container__video-wrap\"><video autoplay loop muted playsinline><source src=\"https:\/\/www.alsane.es\/frusema\/wp-content\/uploads\/2024\/10\/FRUSEMA_capcalera-web.mp4\" type=\"video\/mp4\"\/><\/video><\/div><div class=\"uagb-container-inner-blocks-wrap\"><\/div><\/div>\n\n\n\n<div class=\"wp-block-uagb-container uagb-block-5fcee4f8 alignfull uagb-is-root-container\"><div class=\"uagb-container-inner-blocks-wrap\">\n<div class=\"wp-block-uagb-advanced-heading uagb-block-2b5f3149\"><h2 class=\"uagb-heading-text\">Productos<\/h2><div class=\"uagb-separator\"><\/div><\/div>\n\n\n\n<div class=\"wp-block-uagb-container uagb-block-4a8e1942\">\n<div class=\"wp-block-uagb-container uagb-block-c988f562\">\n<div class=\"wp-block-uagb-image aligncenter uagb-block-a35d235b wp-block-uagb-image--layout-default wp-block-uagb-image--effect-static wp-block-uagb-image--align-center\"><figure class=\"wp-block-uagb-image__figure\"><img decoding=\"async\" srcset=\"https:\/\/www.alsane.es\/frusema\/wp-content\/uploads\/2024\/06\/piel-ECO_1694186129-1024x671.jpg ,https:\/\/www.alsane.es\/frusema\/wp-content\/uploads\/2024\/06\/piel-ECO_1694186129-scaled.jpg 780w, https:\/\/www.alsane.es\/frusema\/wp-content\/uploads\/2024\/06\/piel-ECO_1694186129-scaled.jpg 360w\" sizes=\"auto, (max-width: 480px) 150px\" src=\"https:\/\/www.alsane.es\/frusema\/wp-content\/uploads\/2024\/06\/piel-ECO_1694186129-1024x671.jpg\" alt=\"\" class=\"uag-image-2274\" width=\"373\" height=\"464\" title=\"piel-ECO_1694186129\" loading=\"lazy\" role=\"img\"\/><\/figure><\/div>\n\n\n\n<div class=\"wp-block-uagb-advanced-heading uagb-block-b07219d5\"><h3 class=\"uagb-heading-text\">Tienda online &#8211; ALSANE<\/h3><p class=\"uagb-desc-text\">Alsane es nuestra marca m\u00e1s reconocida para frutos secos de la mejor calidad. Compra en nuestra <a href=\"https:\/\/www.alsane.es\">tienda online.<\/a><\/p><\/div>\n<\/div>\n\n\n\n<div class=\"wp-block-uagb-container uagb-block-0ad6ff4e\">\n<div class=\"wp-block-uagb-image alignleft uagb-block-930d8e85 wp-block-uagb-image--layout-default wp-block-uagb-image--effect-static wp-block-uagb-image--align-left\"><figure class=\"wp-block-uagb-image__figure\"><img decoding=\"async\" srcset=\"https:\/\/www.alsane.es\/frusema\/wp-content\/uploads\/2024\/10\/FrutosSecos_WEB-189-683x1024.jpg ,https:\/\/www.alsane.es\/frusema\/wp-content\/uploads\/2024\/10\/FrutosSecos_WEB-189.jpg 780w, https:\/\/www.alsane.es\/frusema\/wp-content\/uploads\/2024\/10\/FrutosSecos_WEB-189.jpg 360w\" sizes=\"auto, (max-width: 480px) 150px\" src=\"https:\/\/www.alsane.es\/frusema\/wp-content\/uploads\/2024\/10\/FrutosSecos_WEB-189-683x1024.jpg\" alt=\"\" class=\"uag-image-2518\" width=\"373\" height=\"464\" title=\"FrutosSecos_WEB-189\" loading=\"lazy\" role=\"img\"\/><\/figure><\/div>\n\n\n\n<div class=\"wp-block-uagb-advanced-heading uagb-block-3974de5a\"><h3 class=\"uagb-heading-text\">Almendra Mayoristas<\/h3><p class=\"uagb-desc-text\">Disponemos de un amplio cat\u00e1logo de almendras para dar soluciones a todo tipo de usos: marcona, valencia, largueta, ecol\u00f3gica&#8230;<\/p><\/div>\n<\/div>\n\n\n\n<div class=\"wp-block-uagb-container uagb-block-48a31e6a\">\n<div class=\"wp-block-uagb-image alignleft uagb-block-2675d6b0 wp-block-uagb-image--layout-default wp-block-uagb-image--effect-static wp-block-uagb-image--align-left\"><figure class=\"wp-block-uagb-image__figure\"><img decoding=\"async\" srcset=\"https:\/\/www.alsane.es\/frusema\/wp-content\/uploads\/2024\/09\/frusema-frutos-secos-maestrazgo-apostando-por-la-energia-renovable-1-1024x576.jpeg ,https:\/\/www.alsane.es\/frusema\/wp-content\/uploads\/2024\/09\/frusema-frutos-secos-maestrazgo-apostando-por-la-energia-renovable-1.jpeg 780w, https:\/\/www.alsane.es\/frusema\/wp-content\/uploads\/2024\/09\/frusema-frutos-secos-maestrazgo-apostando-por-la-energia-renovable-1.jpeg 360w\" sizes=\"auto, (max-width: 480px) 150px\" src=\"https:\/\/www.alsane.es\/frusema\/wp-content\/uploads\/2024\/09\/frusema-frutos-secos-maestrazgo-apostando-por-la-energia-renovable-1-1024x576.jpeg\" alt=\"\" class=\"uag-image-2466\" width=\"373\" height=\"464\" title=\"frusema-frutos-secos-maestrazgo-apostando-por-la-energia-renovable (1)\" loading=\"lazy\" role=\"img\"\/><\/figure><\/div>\n\n\n\n<div class=\"wp-block-uagb-advanced-heading uagb-block-8f982c10\"><h3 class=\"uagb-heading-text\">Biomasa<\/h3><p class=\"uagb-desc-text\">La c\u00e1scara de almendra est\u00e1 considerada como una de las mejores alternativas a los combustibles convencionales.<\/p><\/div>\n<\/div>\n<\/div>\n<\/div><\/div>\n\n\n\n<div class=\"wp-block-uagb-container uagb-block-fb32e4bf alignfull uagb-is-root-container\"><div class=\"uagb-container-inner-blocks-wrap\">\n<div class=\"wp-block-uagb-image aligncenter uagb-block-052b1f4c wp-block-uagb-image--layout-default wp-block-uagb-image--effect-static wp-block-uagb-image--align-center\"><figure class=\"wp-block-uagb-image__figure\"><img decoding=\"async\" srcset=\"https:\/\/www.alsane.es\/frusema\/wp-content\/uploads\/2021\/11\/quotes.svg ,https:\/\/www.alsane.es\/frusema\/wp-content\/uploads\/2021\/11\/quotes.svg 780w, https:\/\/www.alsane.es\/frusema\/wp-content\/uploads\/2021\/11\/quotes.svg 360w\" sizes=\"auto, (max-width: 480px) 150px\" src=\"https:\/\/www.alsane.es\/frusema\/wp-content\/uploads\/2021\/11\/quotes.svg\" alt=\"\" class=\"uag-image-117\" width=\"37\" height=\"38\" title=\"quotes\" loading=\"lazy\" role=\"img\"\/><\/figure><\/div>\n\n\n\n<div class=\"wp-block-uagb-info-box uagb-block-54aaf525 uagb-infobox__content-wrap  uagb-infobox-icon-below-title uagb-infobox-image-valign-top\"><div class=\"uagb-ifb-content\"><div class=\"uagb-ifb-title-wrap\"><h4 class=\"uagb-ifb-title\">\u201cProductos de origen espa\u00f1ol. Calidad y cercan\u00eda con el productor\u201d<\/h4><\/div><div class=\"uagb-ifb-image-content\"><img decoding=\"async\" src=\"https:\/\/www.alsane.es\/frusema\/wp-content\/uploads\/2021\/11\/avatar_on_home.png\" alt=\"\" width=\"50\" height=\"50\" loading=\"lazy\"\/><\/div><p class=\"uagb-ifb-desc\">Aloma Adell<\/p><\/div><\/div>\n<\/div><\/div>\n\n\n\n<div class=\"wp-block-uagb-container uagb-layout-grid uagb-block-0186287e alignfull uagb-is-root-container\"><div class=\"uagb-container-inner-blocks-wrap\">\n<div class=\"wp-block-uagb-info-box uagb-block-03550eeb uagb-infobox__content-wrap  uagb-infobox-icon-above-title uagb-infobox-image-valign-top wp-block-uagb-info-box--has-margin\"><div class=\"uagb-infobox-margin-wrapper\"><div class=\"uagb-ifb-content\"><div class=\"uagb-ifb-title-wrap\"><span class=\"uagb-ifb-title-prefix\">CON\u00d3CENOS<\/span><h4 class=\"uagb-ifb-title\"><strong>Compromiso ambiental<\/strong><\/h4><\/div><p class=\"uagb-ifb-desc\">En Frutos Secos del Maestrazgo, S.A., reafirmamos nuestro compromiso con el medio ambiente promoviendo el consumo responsable y la gesti\u00f3n adecuada de residuos dentro de nuestra empresa. Adem\u00e1s, brindamos asesoramiento a agricultores sobre la sostenibilidad de sus campos, enfoc\u00e1ndonos en la reducci\u00f3n de residuos y la adopci\u00f3n de pr\u00e1cticas que minimicen la erosi\u00f3n.<\/p><div class=\"uagb-ifb-button-wrapper wp-block-button\"><a href=\"https:\/\/www.alsane.es\/frusema\/frusema\/\" class=\"uagb-infobox-cta-link wp-block-button__link\" target=\"_self\" rel=\"noopener noreferrer\" onclick=\"return true;\"><span class=\"uagb-inline-editing\">Saber m\u00e1s<\/span><\/a><\/div><\/div><\/div><\/div>\n\n\n\n<div class=\"wp-block-uagb-image aligncenter uagb-block-37933192 wp-block-uagb-image--layout-default wp-block-uagb-image--effect-static wp-block-uagb-image--align-center\"><figure class=\"wp-block-uagb-image__figure\"><img decoding=\"async\" srcset=\"https:\/\/www.alsane.es\/frusema\/wp-content\/uploads\/2024\/09\/1232279-1024x690.jpeg ,https:\/\/www.alsane.es\/frusema\/wp-content\/uploads\/2024\/09\/1232279.jpeg 780w, https:\/\/www.alsane.es\/frusema\/wp-content\/uploads\/2024\/09\/1232279.jpeg 360w\" sizes=\"auto, (max-width: 480px) 150px\" src=\"https:\/\/www.alsane.es\/frusema\/wp-content\/uploads\/2024\/09\/1232279-1024x690.jpeg\" alt=\"\" class=\"uag-image-2445\" width=\"1024\" height=\"690\" title=\"1232279\" loading=\"lazy\" role=\"img\"\/><\/figure><\/div>\n<\/div><\/div>\n\n\n\n<p><\/p>\n\n\n\n<div class=\"wp-block-uagb-container uagb-block-05a4a518 alignfull uagb-is-root-container\"><div class=\"uagb-container-inner-blocks-wrap\">\n<div class=\"wp-block-uagb-info-box uagb-block-9a97965e uagb-infobox__content-wrap  uagb-infobox-icon-above-title uagb-infobox-image-valign-top wp-block-uagb-info-box--has-margin\"><div class=\"uagb-infobox-margin-wrapper\"><div class=\"uagb-ifb-content\"><div class=\"uagb-ifb-title-wrap\"><h1 class=\"uagb-ifb-title\">Especialistas en almendras<\/h1><\/div><p class=\"uagb-ifb-desc\">Ponte en contacto con nuestro equipo de especialistas en servicios relacionados con las almendras.<\/p><div class=\"uagb-ifb-button-wrapper wp-block-button\"><a href=\"https:\/\/www.alsane.es\/frusema\/contacto\/\" class=\"uagb-infobox-cta-link wp-block-button__link\" target=\"_self\" rel=\"noopener noreferrer\" onclick=\"return true;\"><span class=\"uagb-inline-editing\">Hablemos<\/span><\/a><\/div><\/div><\/div><\/div>\n<\/div><\/div>\n\n\n\n<p><\/p>\n","protected":false},"excerpt":{"rendered":"<p>Productos Tienda online &#8211; ALSANE Alsane es nuestra marca m\u00e1s reconocida para frutos secos de la mejor calidad. Compra en nuestra tienda online. Almendra Mayoristas Disponemos de un amplio cat\u00e1logo de almendras para dar soluciones a todo tipo de usos: marcona, valencia, largueta, ecol\u00f3gica&#8230; Biomasa La c\u00e1scara de almendra est\u00e1 considerada como una de las [&hellip;]<\/p>\n","protected":false},"author":1,"featured_media":0,"parent":0,"menu_order":0,"comment_status":"closed","ping_status":"closed","template":"","meta":{"_uag_custom_page_level_css":"","site-sidebar-layout":"no-sidebar","site-content-layout":"page-builder","ast-site-content-layout":"full-width-container","site-content-style":"unboxed","site-sidebar-style":"unboxed","ast-global-header-display":"","ast-banner-title-visibility":"","ast-main-header-display":"","ast-hfb-above-header-display":"","ast-hfb-below-header-display":"","ast-hfb-mobile-header-display":"","site-post-title":"disabled","ast-breadcrumbs-content":"","ast-featured-img":"disabled","footer-sml-layout":"","theme-transparent-header-meta":"enabled","adv-header-id-meta":"","stick-header-meta":"","header-above-stick-meta":"","header-main-stick-meta":"","header-below-stick-meta":"","astra-migrate-meta-layouts":"set","ast-page-background-enabled":"default","ast-page-background-meta":{"desktop":{"background-color":"var(--ast-global-color-4)","background-image":"","background-repeat":"repeat","background-position":"center center","background-size":"auto","background-attachment":"scroll","background-type":"","background-media":"","overlay-type":"","overlay-color":"","overlay-opacity":"","overlay-gradient":""},"tablet":{"background-color":"","background-image":"","background-repeat":"repeat","background-position":"center center","background-size":"auto","background-attachment":"scroll","background-type":"","background-media":"","overlay-type":"","overlay-color":"","overlay-opacity":"","overlay-gradient":""},"mobile":{"background-color":"","background-image":"","background-repeat":"repeat","background-position":"center center","background-size":"auto","background-attachment":"scroll","background-type":"","background-media":"","overlay-type":"","overlay-color":"","overlay-opacity":"","overlay-gradient":""}},"ast-content-background-meta":{"desktop":{"background-color":"var(--ast-global-color-5)","background-image":"","background-repeat":"repeat","background-position":"center center","background-size":"auto","background-attachment":"scroll","background-type":"","background-media":"","overlay-type":"","overlay-color":"","overlay-opacity":"","overlay-gradient":""},"tablet":{"background-color":"var(--ast-global-color-5)","background-image":"","background-repeat":"repeat","background-position":"center center","background-size":"auto","background-attachment":"scroll","background-type":"","background-media":"","overlay-type":"","overlay-color":"","overlay-opacity":"","overlay-gradient":""},"mobile":{"background-color":"var(--ast-global-color-5)","background-image":"","background-repeat":"repeat","background-position":"center center","background-size":"auto","background-attachment":"scroll","background-type":"","background-media":"","overlay-type":"","overlay-color":"","overlay-opacity":"","overlay-gradient":""}},"footnotes":""},"class_list":["post-1322","page","type-page","status-publish","hentry"],"uagb_featured_image_src":{"full":false,"thumbnail":false,"medium":false,"medium_large":false,"large":false,"1536x1536":false,"2048x2048":false},"uagb_author_info":{"display_name":"administrador","author_link":"https:\/\/www.alsane.es\/frusema\/author\/administrador\/"},"uagb_comment_info":0,"uagb_excerpt":"Productos Tienda online &#8211; ALSANE Alsane es nuestra marca m\u00e1s reconocida para frutos secos de la mejor calidad. Compra en nuestra tienda online. Almendra Mayoristas Disponemos de un amplio cat\u00e1logo de almendras para dar soluciones a todo tipo de usos: marcona, valencia, largueta, ecol\u00f3gica&#8230; Biomasa La c\u00e1scara de almendra est\u00e1 considerada como una de las&hellip;","_links":{"self":[{"href":"https:\/\/www.alsane.es\/frusema\/wp-json\/wp\/v2\/pages\/1322","targetHints":{"allow":["GET"]}}],"collection":[{"href":"https:\/\/www.alsane.es\/frusema\/wp-json\/wp\/v2\/pages"}],"about":[{"href":"https:\/\/www.alsane.es\/frusema\/wp-json\/wp\/v2\/types\/page"}],"author":[{"embeddable":true,"href":"https:\/\/www.alsane.es\/frusema\/wp-json\/wp\/v2\/users\/1"}],"replies":[{"embeddable":true,"href":"https:\/\/www.alsane.es\/frusema\/wp-json\/wp\/v2\/comments?post=1322"}],"version-history":[{"count":41,"href":"https:\/\/www.alsane.es\/frusema\/wp-json\/wp\/v2\/pages\/1322\/revisions"}],"predecessor-version":[{"id":2533,"href":"https:\/\/www.alsane.es\/frusema\/wp-json\/wp\/v2\/pages\/1322\/revisions\/2533"}],"wp:attachment":[{"href":"https:\/\/www.alsane.es\/frusema\/wp-json\/wp\/v2\/media?parent=1322"}],"curies":[{"name":"wp","href":"https:\/\/api.w.org\/{rel}","templated":true}]}}